{"id":615,"date":"2020-05-14T23:29:40","date_gmt":"2020-05-14T21:29:40","guid":{"rendered":"https:\/\/dksb.bankiva.de\/?page_id=615"},"modified":"2020-09-21T12:09:20","modified_gmt":"2020-09-21T10:09:20","slug":"wegweiser-durch-die-medienlandschaft","status":"publish","type":"page","link":"https:\/\/www.dksb-wesel.de\/index.php\/wegweiser-durch-die-medienlandschaft\/","title":{"rendered":"Wegweiser durch die Medienlandschaft"},"content":{"rendered":"\n<h1 class=\"has-text-align-center wp-block-heading\">Wegweiser durch die Medienlandschaft<\/h1>\n\n\n\n<p class=\"has-text-align-center\">Wie sch\u00fctzen Sie Ihr Kind im Umgang mit Computer und Internet, Handy und Spielekonsolen?<\/p>\n\n\n\n<p class=\"has-text-align-center\">Berichte \u00fcber den Zusammenhang zwischen Gewaltspielen und anschlie\u00dfenden Gewaltexzessen von Jugendlichen lassen aufhorchen. In den Schulen f\u00e4llt die mangelnde soziale Kompetenz im Umgang miteinander auf. Viele Sch\u00fcler sind nicht in der Lage, einen Konflikt im friedlichen Miteinander zu l\u00f6sen, k\u00f6nnen sich nicht gege-n\u00fcberstehen. In ihrer Freizeit simsen und chaten Kinder und Jugendliche, sitzen vor Bildschirmen und Displays. Ihnen fehlt die Erfahrung der direkten Kommunikation, sagen Lehrer, Sozialarbeiter und Psychologen. Grund sei unter anderen die sprunghafte Entwicklung neuer Medien, vor denen Kinder alleine hocken und mit deren Auswirkungen sie ebenfalls alleine konfrontiert sind.<\/p>\n\n\n\n<p class=\"has-text-align-center\">Das Kriminalommissariat Kriminalpr\u00e4venzion\/Opferschutz&nbsp; der Kreispolizeibeh\u00f6rde und der Deutsche Kinderschutzbund haben eine Reihe von Veranstaltungen zu dem Thema&nbsp;<\/p>\n\n\n\n<h3 class=\"has-text-align-center wp-block-heading\">Sicherheit im Umgang mit Medien<\/h3>\n\n\n\n<p class=\"has-text-align-center\">entwickelt. Angesprochen werden Eltern, p\u00e4dagogisches Fachpersonal und Multiplika-toren, die sich \u00fcber die Sicherheit beim Umgang mit Medien informieren wollen. Welche Auswirkungen der nicht altersgem\u00e4\u00dfe oder \u00fcberm\u00e4\u00dfige Konsum technischer Medien auf Entwicklung und Psyche haben k\u00f6nnen, wird ebenfalls beleuchtet. Schon die Aller-kleinsten sind konfrontiert mit eigens nutzbaren Spielen und TV Programmen. Die Veranstaltungen zielen auf sinnvolle, sichere, kontrollierte Nutzung von erw\u00fcnschten M\u00f6glichkeiten im Familienalltag.<\/p>\n\n\n\n<p class=\"has-text-align-center\">Folgende Veranstaltungen werden auf Nachfrage in unseren R\u00e4umlichkeiten angeboten:<\/p>\n\n\n\n<p class=\"has-text-align-center\"><strong>&#8222;Kriminalpr\u00e4vention im Umgang mit Computer und Internet&#8220;<br><\/strong>&#8211; bei Interesse wenden Sie sich an das KK KP\/O: 0281\/107-4420<\/p>\n\n\n\n<p class=\"has-text-align-center\">&#8222;<strong>Wegweiser durch den Mediendschungel, Teil I&#8220;<\/strong><br>F\u00fcr Interessierte mit Kindern im Vorschulalter<br><strong>Ansprechpartnerin<\/strong>: Frau Renate Wirth, Psychotherapeutin<\/p>\n\n\n\n<p class=\"has-text-align-center\"><strong>&#8222;Wegweiser durch den Mediendschungel, Teil II&#8220;<\/strong><br>F\u00fcr interessierte mit Kindern und Jugendlichen im Schulalter<br><strong>Ansprechpartner:<\/strong> Frau Renate Wirth. Psychotherapeutin<\/p>\n\n\n\n<p class=\"has-text-align-center\">Die Terminierung richtet sich nach der Anfrage und ist kurz- oder mittelfristig m\u00f6glich.<br>Anfrage und Anmeldung zu den B\u00fcrozeiten unter 0281 \/ 3 39 50 \u2013 0<\/p>\n","protected":false},"excerpt":{"rendered":"<p>Wegweiser durch die Medienlandschaft Wie sch\u00fctzen Sie Ihr Kind im Umgang mit Computer und Internet, Handy und Spielekonsolen? Berichte \u00fcber den Zusammenhang zwischen Gewaltspielen und anschlie\u00dfenden Gewaltexzessen von Jugendlichen lassen aufhorchen. In den Schulen f\u00e4llt die mangelnde soziale Kompetenz im Umgang miteinander auf. Viele Sch\u00fcler sind nicht in der Lage, einen Konflikt im friedlichen Miteinander&hellip; <br \/> <a class=\"read-more\" href=\"https:\/\/www.dksb-wesel.de\/index.php\/wegweiser-durch-die-medienlandschaft\/\">Read more<\/a><\/p>\n","protected":false},"author":1,"featured_media":0,"parent":0,"menu_order":0,"comment_status":"closed","ping_status":"closed","template":"","meta":{"footnotes":""},"class_list":["post-615","page","type-page","status-publish","hentry"],"_links":{"self":[{"href":"https:\/\/www.dksb-wesel.de\/index.php\/wp-json\/wp\/v2\/pages\/615","targetHints":{"allow":["GET"]}}],"collection":[{"href":"https:\/\/www.dksb-wesel.de\/index.php\/wp-json\/wp\/v2\/pages"}],"about":[{"href":"https:\/\/www.dksb-wesel.de\/index.php\/wp-json\/wp\/v2\/types\/page"}],"author":[{"embeddable":true,"href":"https:\/\/www.dksb-wesel.de\/index.php\/wp-json\/wp\/v2\/users\/1"}],"replies":[{"embeddable":true,"href":"https:\/\/www.dksb-wesel.de\/index.php\/wp-json\/wp\/v2\/comments?post=615"}],"version-history":[{"count":2,"href":"https:\/\/www.dksb-wesel.de\/index.php\/wp-json\/wp\/v2\/pages\/615\/revisions"}],"predecessor-version":[{"id":626,"href":"https:\/\/www.dksb-wesel.de\/index.php\/wp-json\/wp\/v2\/pages\/615\/revisions\/626"}],"wp:attachment":[{"href":"https:\/\/www.dksb-wesel.de\/index.php\/wp-json\/wp\/v2\/media?parent=615"}],"curies":[{"name":"wp","href":"https:\/\/api.w.org\/{rel}","templated":true}]}}