{"id":538,"date":"2020-05-14T21:44:49","date_gmt":"2020-05-14T19:44:49","guid":{"rendered":"https:\/\/dksb.bankiva.de\/?page_id=538"},"modified":"2020-05-14T21:58:19","modified_gmt":"2020-05-14T19:58:19","slug":"angebot-vormundschaften","status":"publish","type":"page","link":"https:\/\/www.dksb-wesel.de\/index.php\/angebot-vormundschaften\/","title":{"rendered":"Angebot: Vormundschaften"},"content":{"rendered":"\n<h2 class=\"has-text-align-center wp-block-heading\">Vormundschaften<\/h2>\n\n\n\n<p class=\"has-text-align-center\">Verschiedene famili\u00e4re Konstellationen k\u00f6nnen es notwendig machen, dass Eltern im Rahmen eines familiengerichtlichen Verfahrens die elterliche Sorge oder Teilbereiche davon entzogen werden muss. Dann wird stellvertretend vom Gericht ein Vormund bestellt, der die \u201eelterliche Sorge\u201c und damit die gesetzliche Vertretung des Kindes oder Jugendlichen \u00fcbernimmt. Der Vormund hat die Pflege und Erziehung seines M\u00fcndels pers\u00f6nlich zu f\u00f6rdern und zu gew\u00e4hrleisten.<\/p>\n\n\n\n<p class=\"has-text-align-center\">Die \u00dcbernahme einer Vormundschaft erfordert von unseren Fachkr\u00e4ften vielschichtige Kenntnisse und F\u00e4higkeiten in den Bereichen P\u00e4dagogik, Verwaltung, Recht und Psychologie. Unsere MitarbeiterInnen m\u00fcssen eine fachspezifische Zusatzausbildung im Bereich Vormundschaft vorweisen.<\/p>\n","protected":false},"excerpt":{"rendered":"<p>Vormundschaften Verschiedene famili\u00e4re Konstellationen k\u00f6nnen es notwendig machen, dass Eltern im Rahmen eines familiengerichtlichen Verfahrens die elterliche Sorge oder Teilbereiche davon entzogen werden muss. Dann wird stellvertretend vom Gericht ein Vormund bestellt, der die \u201eelterliche Sorge\u201c und damit die gesetzliche Vertretung des Kindes oder Jugendlichen \u00fcbernimmt. Der Vormund hat die Pflege und Erziehung seines M\u00fcndels&hellip; <br \/> <a class=\"read-more\" href=\"https:\/\/www.dksb-wesel.de\/index.php\/angebot-vormundschaften\/\">Read more<\/a><\/p>\n","protected":false},"author":1,"featured_media":0,"parent":0,"menu_order":0,"comment_status":"closed","ping_status":"closed","template":"pro\/page-templates\/landing-page.php","meta":{"footnotes":""},"class_list":["post-538","page","type-page","status-publish","hentry"],"_links":{"self":[{"href":"https:\/\/www.dksb-wesel.de\/index.php\/wp-json\/wp\/v2\/pages\/538","targetHints":{"allow":["GET"]}}],"collection":[{"href":"https:\/\/www.dksb-wesel.de\/index.php\/wp-json\/wp\/v2\/pages"}],"about":[{"href":"https:\/\/www.dksb-wesel.de\/index.php\/wp-json\/wp\/v2\/types\/page"}],"author":[{"embeddable":true,"href":"https:\/\/www.dksb-wesel.de\/index.php\/wp-json\/wp\/v2\/users\/1"}],"replies":[{"embeddable":true,"href":"https:\/\/www.dksb-wesel.de\/index.php\/wp-json\/wp\/v2\/comments?post=538"}],"version-history":[{"count":1,"href":"https:\/\/www.dksb-wesel.de\/index.php\/wp-json\/wp\/v2\/pages\/538\/revisions"}],"predecessor-version":[{"id":540,"href":"https:\/\/www.dksb-wesel.de\/index.php\/wp-json\/wp\/v2\/pages\/538\/revisions\/540"}],"wp:attachment":[{"href":"https:\/\/www.dksb-wesel.de\/index.php\/wp-json\/wp\/v2\/media?parent=538"}],"curies":[{"name":"wp","href":"https:\/\/api.w.org\/{rel}","templated":true}]}}