{"id":532,"date":"2020-05-14T21:43:18","date_gmt":"2020-05-14T19:43:18","guid":{"rendered":"https:\/\/dksb.bankiva.de\/?page_id=532"},"modified":"2020-05-14T21:57:33","modified_gmt":"2020-05-14T19:57:33","slug":"angebot-betreuter-umgang","status":"publish","type":"page","link":"https:\/\/www.dksb-wesel.de\/index.php\/angebot-betreuter-umgang\/","title":{"rendered":"Angebot: Betreuter Umgang"},"content":{"rendered":"\n<h2 class=\"has-text-align-center wp-block-heading\">Betreuter Umgang<\/h2>\n\n\n\n<p class=\"has-text-align-center\">Dieses Angebot richtet sich an Kinder, die in Dauer- oder Bereitschaftspflegefamilien oder bei nur einem Elternteil leben.<\/p>\n\n\n\n<p class=\"has-text-align-center\">Beim Betreuten Umgang soll dem Kind und den Elternteilen , Geschwistern oder Verwandten, bei denen es derzeit nicht lebt, der Kontakt in einem betreuten Rahmen zu erm\u00f6glicht werden.<\/p>\n\n\n\n<p class=\"has-text-align-center\">Unsere Fachkr\u00e4fte, die im Auftrag des Jugendamtes t\u00e4tig werden, sehen bei den Besuchskontakten das Wohl des Kindes im Vordergrund und achten darauf, dass das Kind nicht \u00fcberfordert wird.<\/p>\n","protected":false},"excerpt":{"rendered":"<p>Betreuter Umgang Dieses Angebot richtet sich an Kinder, die in Dauer- oder Bereitschaftspflegefamilien oder bei nur einem Elternteil leben. Beim Betreuten Umgang soll dem Kind und den Elternteilen , Geschwistern oder Verwandten, bei denen es derzeit nicht lebt, der Kontakt in einem betreuten Rahmen zu erm\u00f6glicht werden. Unsere Fachkr\u00e4fte, die im Auftrag des Jugendamtes t\u00e4tig&hellip; <br \/> <a class=\"read-more\" href=\"https:\/\/www.dksb-wesel.de\/index.php\/angebot-betreuter-umgang\/\">Read more<\/a><\/p>\n","protected":false},"author":1,"featured_media":0,"parent":0,"menu_order":0,"comment_status":"closed","ping_status":"closed","template":"pro\/page-templates\/landing-page.php","meta":{"footnotes":""},"class_list":["post-532","page","type-page","status-publish","hentry"],"_links":{"self":[{"href":"https:\/\/www.dksb-wesel.de\/index.php\/wp-json\/wp\/v2\/pages\/532","targetHints":{"allow":["GET"]}}],"collection":[{"href":"https:\/\/www.dksb-wesel.de\/index.php\/wp-json\/wp\/v2\/pages"}],"about":[{"href":"https:\/\/www.dksb-wesel.de\/index.php\/wp-json\/wp\/v2\/types\/page"}],"author":[{"embeddable":true,"href":"https:\/\/www.dksb-wesel.de\/index.php\/wp-json\/wp\/v2\/users\/1"}],"replies":[{"embeddable":true,"href":"https:\/\/www.dksb-wesel.de\/index.php\/wp-json\/wp\/v2\/comments?post=532"}],"version-history":[{"count":1,"href":"https:\/\/www.dksb-wesel.de\/index.php\/wp-json\/wp\/v2\/pages\/532\/revisions"}],"predecessor-version":[{"id":534,"href":"https:\/\/www.dksb-wesel.de\/index.php\/wp-json\/wp\/v2\/pages\/532\/revisions\/534"}],"wp:attachment":[{"href":"https:\/\/www.dksb-wesel.de\/index.php\/wp-json\/wp\/v2\/media?parent=532"}],"curies":[{"name":"wp","href":"https:\/\/api.w.org\/{rel}","templated":true}]}}