{"id":529,"date":"2020-05-14T21:42:28","date_gmt":"2020-05-14T19:42:28","guid":{"rendered":"https:\/\/dksb.bankiva.de\/?page_id=529"},"modified":"2020-05-14T21:57:39","modified_gmt":"2020-05-14T19:57:39","slug":"angebot-erziehungsbeistandschaft","status":"publish","type":"page","link":"https:\/\/www.dksb-wesel.de\/index.php\/angebot-erziehungsbeistandschaft\/","title":{"rendered":"Angebot: Erziehungsbeistandschaft"},"content":{"rendered":"\n<h2 class=\"has-text-align-center wp-block-heading\">Erziehungsbeistandschaft<\/h2>\n\n\n\n<p class=\"has-text-align-center\">Bei dem Angebot der Erziehungsbeistandschaft begleiten und unterst\u00fctzen unsere Fachkr\u00e4fte Jugendliche und junge Erwachsene bei der Bew\u00e4ltigung von belastenden Lebenssituationen, Entwicklungsproblemen und famili\u00e4ren Schwierigkeiten.<\/p>\n\n\n\n<p class=\"has-text-align-center\">Unter Erhaltung des Lebensbezuges zur Familie soll dabei die Verselbstst\u00e4ndigung des Jugendlichen\/jungen Erwachsenen gef\u00f6rdert werden. Den Auftrag zur Erziehungsbeistandschaft erhalten wir vom Jugendamt.<\/p>\n","protected":false},"excerpt":{"rendered":"<p>Erziehungsbeistandschaft Bei dem Angebot der Erziehungsbeistandschaft begleiten und unterst\u00fctzen unsere Fachkr\u00e4fte Jugendliche und junge Erwachsene bei der Bew\u00e4ltigung von belastenden Lebenssituationen, Entwicklungsproblemen und famili\u00e4ren Schwierigkeiten. Unter Erhaltung des Lebensbezuges zur Familie soll dabei die Verselbstst\u00e4ndigung des Jugendlichen\/jungen Erwachsenen gef\u00f6rdert werden. Den Auftrag zur Erziehungsbeistandschaft erhalten wir vom Jugendamt.<\/p>\n","protected":false},"author":1,"featured_media":0,"parent":0,"menu_order":0,"comment_status":"closed","ping_status":"closed","template":"pro\/page-templates\/landing-page.php","meta":{"footnotes":""},"class_list":["post-529","page","type-page","status-publish","hentry"],"_links":{"self":[{"href":"https:\/\/www.dksb-wesel.de\/index.php\/wp-json\/wp\/v2\/pages\/529","targetHints":{"allow":["GET"]}}],"collection":[{"href":"https:\/\/www.dksb-wesel.de\/index.php\/wp-json\/wp\/v2\/pages"}],"about":[{"href":"https:\/\/www.dksb-wesel.de\/index.php\/wp-json\/wp\/v2\/types\/page"}],"author":[{"embeddable":true,"href":"https:\/\/www.dksb-wesel.de\/index.php\/wp-json\/wp\/v2\/users\/1"}],"replies":[{"embeddable":true,"href":"https:\/\/www.dksb-wesel.de\/index.php\/wp-json\/wp\/v2\/comments?post=529"}],"version-history":[{"count":1,"href":"https:\/\/www.dksb-wesel.de\/index.php\/wp-json\/wp\/v2\/pages\/529\/revisions"}],"predecessor-version":[{"id":531,"href":"https:\/\/www.dksb-wesel.de\/index.php\/wp-json\/wp\/v2\/pages\/529\/revisions\/531"}],"wp:attachment":[{"href":"https:\/\/www.dksb-wesel.de\/index.php\/wp-json\/wp\/v2\/media?parent=529"}],"curies":[{"name":"wp","href":"https:\/\/api.w.org\/{rel}","templated":true}]}}