{"id":3,"date":"2020-01-15T10:14:31","date_gmt":"2020-01-15T09:14:31","guid":{"rendered":"https:\/\/dksb.bankiva.de\/?page_id=3"},"modified":"2024-04-29T22:05:33","modified_gmt":"2024-04-29T20:05:33","slug":"datenschutzerklaerung","status":"publish","type":"page","link":"https:\/\/www.dksb-wesel.de\/index.php\/datenschutzerklaerung\/","title":{"rendered":"Datenschutzerkl\u00e4rung"},"content":{"rendered":"\n<h2 class=\"wp-block-heading\">Wer wir sind<\/h2>\n\n\n\n<p>Die Adresse unserer Website ist: https:\/\/www.dksb-wesel.de<\/p>\n\n\n\n<h1 class=\"wp-block-heading\">Datenschutzerkl\u00e4rung<\/h1>\n\n\n\n<p><strong>Datenschutzerkl\u00e4rung<\/strong><\/p>\n\n\n\n<p><strong>1. Datenschutz auf einen Blick<\/strong><\/p>\n\n\n\n<p>Allgemeine Hinweise<\/p>\n\n\n\n<p>Die folgenden Hinweise geben einen einfachen \u00dcberblick dar\u00fcber, was \nmit Ihren personenbezogenen Datenpassiert, wenn Sie unsere Website \nbesuchen. Personenbezogene Daten sind alle Daten, mit denen Sie \npers\u00f6nlich identifiziert werden k\u00f6nnen. Ausf\u00fchrliche Informationen zum \nThema Datenschutz entnehmen Sie unserer unter diesem Text aufgef\u00fchrten \nDatenschutzerkl\u00e4rung.&nbsp;<\/p>\n\n\n\n<p><strong>Datenerfassung auf unserer Website<\/strong><\/p>\n\n\n\n<p>Wer ist verantwortlich f\u00fcr die Datenerfassung auf dieser Website?<\/p>\n\n\n\n<p>Die Datenverarbeitung auf dieser Website erfolgt durch den \nWebsitebetreiber. Dessen Kontaktdaten&nbsp;k\u00f6nnen Sie dem Impressum dieser \nWebsite entnehmen.<\/p>\n\n\n\n<p>Wie erfassen wir Ihre Daten?<\/p>\n\n\n\n<p>Ihre Daten werden zum einen dadurch erhoben, dass Sie uns diese \nmitteilen. Hierbei kann es sich z.B. um&nbsp;Daten handeln, die Sie in ein \nKontaktformular eingeben.<\/p>\n\n\n\n<p>Andere Daten werden automatisch beim Besuch der Website durch unsere \nIT-Systeme erfasst. Das sind vor&nbsp;allem technische Daten (z.B. \nInternetbrowser, Betriebssystem oder Uhrzeit des Seitenaufrufs). \nDie&nbsp;Erfassung dieser Daten erfolgt automatisch, sobald Sie unsere \nWebsite betreten.<\/p>\n\n\n\n<p>Wof\u00fcr nutzen wir Ihre Daten?<\/p>\n\n\n\n<p>Ein Teil der Daten wird erhoben, um eine fehlerfreie Bereitstellung \nder Website zu gew\u00e4hrleisten. Andere&nbsp;Daten k\u00f6nnen zur Analyse Ihres \nNutzerverhaltens verwendet werden.<\/p>\n\n\n\n<p>Welche Rechte haben Sie bez\u00fcglich Ihrer Daten?<\/p>\n\n\n\n<p>Sie haben jederzeit das Recht unentgeltlich Auskunft \u00fcber Herkunft, \nEmpf\u00e4nger und Zweck Ihrer&nbsp;gespeicherten personenbezogenen Daten zu \nerhalten. Sie haben au\u00dferdem ein Recht, die Berichtigung,&nbsp;Sperrung oder \nL\u00f6schung dieser Daten zu verlangen. Hierzu sowie zu weiteren Fragen zum \nThema&nbsp;Datenschutz k\u00f6nnen Sie sich jederzeit unter der im Impressum \nangegebenen Adresse an uns wenden. Des&nbsp;Weiteren steht Ihnen ein \nBeschwerderecht bei der zust\u00e4ndigen Aufsichtsbeh\u00f6rde zu.<\/p>\n\n\n\n<p>Au\u00dferdem haben Sie das Recht, unter bestimmten Umst\u00e4nden die \nEinschr\u00e4nkung der Verarbeitung Ihrer&nbsp;personenbezogenen Daten zu \nverlangen. Details hierzu entnehmen Sie der Datenschutzerkl\u00e4rung \nunter&nbsp;\u201eRecht auf Einschr\u00e4nkung der Verarbeitung\u201c.<\/p>\n\n\n\n<p><strong>2. Allgemeine Hinweise und Pflichtinformationen<\/strong><\/p>\n\n\n\n<p>Datenschutz<\/p>\n\n\n\n<p>Die Betreiber dieser Seiten nehmen den Schutz Ihrer pers\u00f6nlichen \nDaten sehr ernst. Wir behandeln Ihre&nbsp;personenbezogenen Daten vertraulich\n und entsprechend der gesetzlichen Datenschutzvorschriften sowie&nbsp;dieser \nDatenschutzerkl\u00e4rung.<\/p>\n\n\n\n<p>Wenn Sie diese Website benutzen, werden verschiedene personenbezogene Daten erhoben.<\/p>\n\n\n\n<p>Personenbezogene Daten sind Daten, mit denen Sie pers\u00f6nlich \nidentifiziert werden k\u00f6nnen. Die vorliegende&nbsp;Datenschutzerkl\u00e4rung \nerl\u00e4utert, welche Daten wir erheben und wof\u00fcr wir sie nutzen. Sie \nerl\u00e4utert auch, wie&nbsp;und zu welchem Zweck das geschieht.<\/p>\n\n\n\n<p>Wir weisen darauf hin, dass die Daten\u00fcbertragung im Internet (z.B. \nbei der Kommunikation per E-Mail)&nbsp;Sicherheitsl\u00fccken aufweisen kann. Ein \nl\u00fcckenloser Schutz der Daten vor dem Zugriff durch Dritte ist nicht \nm\u00f6glich.<\/p>\n\n\n\n<p>Hinweis zur verantwortlichen Stelle<\/p>\n\n\n\n<p>Die verantwortliche Stelle f\u00fcr die Datenverarbeitung auf dieser Website ist:<\/p>\n\n\n\n<p>Der Kinderschutzbund Ortsverband Wesel e.V.<br>Gro\u00dfer Markt 7<br>46483 Wesel<br>Telefon: 0281 \/ 3 39 50 \u2013 0<br>E-Mail: verwaltung@dksb-wesel.de<\/p>\n\n\n\n<p>Verantwortliche Stelle ist die nat\u00fcrliche oder juristische Person, \ndie allein oder gemeinsam mit anderen \u00fcber&nbsp;die Zwecke und Mittel der \nVerarbeitung von personenbezogenen Daten (z.B. Namen, E-Mail-Adressen o.\n \u00c4.)&nbsp;entscheidet.<\/p>\n\n\n\n<p>Widerruf Ihrer Einwilligung zur Datenverarbeitung<\/p>\n\n\n\n<p>Viele Datenverarbeitungsvorg\u00e4nge sind nur mit Ihrer ausdr\u00fccklichen \nEinwilligung m\u00f6glich. Sie k\u00f6nnen eine&nbsp;bereits erteilte Einwilligung \njederzeit widerrufen. Dazu reicht eine formlose Mitteilung per E-Mail an\n uns.<\/p>\n\n\n\n<p>Die Rechtm\u00e4\u00dfigkeit der bis zum Widerruf erfolgten Datenverarbeitung \nbleibt vom Widerruf unber\u00fchrt.&nbsp;Widerspruchsrecht gegen die Datenerhebung\n in besonderen F\u00e4llen sowie gegen&nbsp;Direktwerbung (Art. 21 DSGVO)<\/p>\n\n\n\n<p>Wenn die Datenverarbeitung auf Grundlage von Art. 6 Abs. 1 lit. e \noder f DSGVO erfolgt, haben Sie&nbsp;jederzeit das Recht, aus Gr\u00fcnden, die \nsich aus Ihrer besonderen Situation ergeben, gegen die \nVerarbeitung&nbsp;Ihrer personenbezogenen Daten Widerspruch einzulegen; dies \ngilt auch f\u00fcr ein auf diese Bestimmungengest\u00fctztes Profiling. Die \njeweilige Rechtsgrundlage, auf denen eine Verarbeitung beruht, entnehmen\n Sie dieser Datenschutzerkl\u00e4rung. Wenn Sie Widerspruch einlegen, werden \nwir Ihre betroffenen personenbezogenen Daten nicht mehr verarbeiten, es \nsei denn, wir k\u00f6nnen zwingende schutzw\u00fcrdige&nbsp;Gr\u00fcnde f\u00fcr die Verarbeitung\n nachweisen, die Ihre Interessen, Rechte und Freiheiten \u00fcberwiegen oder \ndie&nbsp;Verarbeitung dient der Geltendmachung, Aus\u00fcbung oder Verteidigung \nvon Rechtsanspr\u00fcchen&nbsp;(Widerspruch nach Art. 21 Abs. 1 DSGVO).<\/p>\n\n\n\n<p>Werden Ihre personenbezogenen Daten verarbeitet, um Direktwerbung zu \nbetreiben, so haben Sie das&nbsp;Recht, jederzeit Widerspruch gegen die \nVerarbeitung Sie betreffender personenbezogener Daten zum&nbsp;Zwecke \nderartiger Werbung einzulegen; dies gilt auch f\u00fcr das Profiling, soweit \nes mit solcher&nbsp;Direktwerbung in Verbindung steht. Wenn Sie \nwidersprechen, werden Ihre personenbezogenen Daten&nbsp;anschlie\u00dfend nicht \nmehr zum Zwecke der Direktwerbung verwendet (Widerspruch nach Art. 21 \nAbs. 2&nbsp;DSGVO).<\/p>\n\n\n\n<p>Beschwerderecht bei der zust\u00e4ndigen Aufsichtsbeh\u00f6rde<\/p>\n\n\n\n<p>Im Falle von Verst\u00f6\u00dfen gegen die DSGVO steht den Betroffenen ein \nBeschwerderecht bei einer&nbsp;Aufsichtsbeh\u00f6rde, insbesondere in dem \nMitgliedstaat ihres gew\u00f6hnlichen Aufenthalts, ihres Arbeitsplatzes&nbsp;oder \ndes Orts des mutma\u00dflichen Versto\u00dfes zu. Das Beschwerderecht besteht \nunbeschadet anderweitiger&nbsp;verwaltungsrechtlicher oder gerichtlicher \nRechtsbehelfe.<\/p>\n\n\n\n<p>Recht auf Daten\u00fcbertragbarkeit<\/p>\n\n\n\n<p>Sie haben das Recht, Daten, die wir auf Grundlage Ihrer Einwilligung \noder in Erf\u00fcllung eines Vertrags&nbsp;automatisiert verarbeiten, an sich oder\n an einen Dritten in einem g\u00e4ngigen, maschinenlesbaren \nFormat&nbsp;aush\u00e4ndigen zu lassen. Sofern Sie die direkte \u00dcbertragung der \nDaten an einen anderen Verantwortlichen&nbsp;verlangen, erfolgt dies nur, \nsoweit es technisch machbar ist.<\/p>\n\n\n\n<p>Auskunft, Sperrung, L\u00f6schung und Berichtigung<\/p>\n\n\n\n<p>Sie haben im Rahmen der geltenden gesetzlichen Bestimmungen jederzeit\n das Recht auf unentgeltliche&nbsp;Auskunft \u00fcber Ihre gespeicherten \npersonenbezogenen Daten, deren Herkunft und Empf\u00e4nger und den&nbsp;Zweck der \nDatenverarbeitung und ggf. ein Recht auf Berichtigung, Sperrung oder \nL\u00f6schung dieser Daten.&nbsp;Hierzu sowie zu weiteren Fragen zum Thema \npersonenbezogene Daten k\u00f6nnen Sie sich jederzeit unter der&nbsp;im Impressum \nangegebenen Adresse an uns wenden.<\/p>\n\n\n\n<p>Recht auf Einschr\u00e4nkung der Verarbeitung<\/p>\n\n\n\n<p>Sie haben das Recht, die Einschr\u00e4nkung der Verarbeitung Ihrer \npersonenbezogenen Daten zu verlangen.&nbsp;Hierzu k\u00f6nnen Sie sich jederzeit \nunter der im Impressum angegebenen Adresse an uns wenden. Das Recht&nbsp;auf \nEinschr\u00e4nkung der Verarbeitung besteht in folgenden F\u00e4llen:&nbsp;Wenn Sie die\n Richtigkeit Ihrer bei uns gespeicherten personenbezogenen Daten \nbestreiten, ben\u00f6tigen wir&nbsp;in der Regel Zeit, um dies zu \u00fcberpr\u00fcfen. F\u00fcr \ndie Dauer der Pr\u00fcfung haben Sie das Recht, die&nbsp;Einschr\u00e4nkung der \nVerarbeitung Ihrer personenbezogenen Daten zu verlangen.&nbsp;Wenn die \nVerarbeitung Ihrer personenbezogenen Daten unrechtm\u00e4\u00dfig geschah \/ \ngeschieht, k\u00f6nnen Sie&nbsp;statt der L\u00f6schung die Einschr\u00e4nkung der \nDatenverarbeitung verlangen.<\/p>\n\n\n\n<p>Wenn wir Ihre personenbezogenen Daten nicht mehr ben\u00f6tigen, Sie sie \njedoch zur Aus\u00fcbung,&nbsp;Verteidigung oder Geltendmachung von \nRechtsanspr\u00fcchen ben\u00f6tigen, haben Sie das Recht, statt der&nbsp;L\u00f6schung die \nEinschr\u00e4nkung der Verarbeitung Ihrer personenbezogenen Daten zu \nverlangen.<\/p>\n\n\n\n<p>Wenn Sie einen Widerspruch nach Art. 21 Abs. 1 DSGVO eingelegt haben,\n muss eine Abw\u00e4gung zwischen&nbsp;Ihren und unseren Interessen vorgenommen \nwerden. Solange noch nicht feststeht, wessen Interessen&nbsp;\u00fcberwiegen, \nhaben Sie das Recht, die Einschr\u00e4nkung der Verarbeitung Ihrer \npersonenbezogenen Daten&nbsp;zu verlangen.<\/p>\n\n\n\n<p>Wenn Sie die Verarbeitung Ihrer personenbezogenen Daten eingeschr\u00e4nkt\n haben, d\u00fcrfen diese Daten \u2013 von&nbsp;ihrer Speicherung abgesehen \u2013 nur mit \nIhrer Einwilligung oder zur Geltendmachung, Aus\u00fcbung oder&nbsp;Verteidigung \nvon Rechtsanspr\u00fcchen oder zum Schutz der Rechte einer anderen \nnat\u00fcrlichen oder&nbsp;juristischen Person oder aus Gr\u00fcnden eines wichtigen \n\u00f6ffentlichen Interesses der Europ\u00e4ischen Union oder&nbsp;eines Mitgliedstaats\n verarbeitet werden.<\/p>\n\n\n\n<p>Widerspruch gegen Werbe-E-Mails<\/p>\n\n\n\n<p>Der Nutzung von im Rahmen der Impressumspflicht ver\u00f6ffentlichten \nKontaktdaten zur \u00dcbersendung von&nbsp;nicht ausdr\u00fccklich angeforderter \nWerbung und Informationsmaterialien wird hiermit widersprochen. \nDie&nbsp;Betreiber der Seiten behalten sich ausdr\u00fccklich rechtliche Schritte \nim Falle der unverlangten Zusendung von&nbsp;Werbeinformationen, etwa durch \nSpam-E-Mails, vor.<\/p>\n\n\n\n<p><strong>3. Datenerfassung auf unserer Website<\/strong><\/p>\n\n\n\n<p>Server-Log-Dateien<\/p>\n\n\n\n<p>Der Provider der Seiten erhebt und speichert automatisch \nInformationen in so genannten Server-Log-Dateien, die Ihr Browser \nautomatisch an uns \u00fcbermittelt. Dies sind:<\/p>\n\n\n\n<p>Browsertyp und Browserversion<\/p>\n\n\n\n<p>verwendetes Betriebssystem<\/p>\n\n\n\n<p>Referrer URL<\/p>\n\n\n\n<p>Hostname des zugreifenden Rechners<\/p>\n\n\n\n<p>Uhrzeit der Serveranfrage<\/p>\n\n\n\n<p>IP-Adresse<\/p>\n\n\n\n<p>Eine Zusammenf\u00fchrung dieser Daten mit anderen Datenquellen wird nicht vorgenommen.<\/p>\n\n\n\n<p>Die Erfassung dieser Daten erfolgt auf Grundlage von Art. 6 Abs. 1 \nlit. f DSGVO. Der Websitebetreiber hat&nbsp;ein berechtigtes Interesse an der\n technisch fehlerfreien Darstellung und der Optimierung seiner Website \n\u2013&nbsp;hierzu m\u00fcssen die Server-Log-Files erfasst werden.<\/p>\n\n\n\n<p>Anfrage per E-Mail, Telefon oder Telefax<\/p>\n\n\n\n<p>Wenn Sie uns per E-Mail, Telefon oder Telefax kontaktieren, wird Ihre\n Anfrage inklusive aller daraus&nbsp;hervorgehenden personenbezogenen Daten \n(Name, Anfrage) zum Zwecke der Bearbeitung Ihres Anliegens bei uns \ngespeichert und verarbeitet. Diese Daten geben wir nicht ohne Ihre \nEinwilligung weiter.<\/p>\n\n\n\n<p>Die Verarbeitung dieser Daten erfolgt auf Grundlage von Art. 6 Abs. 1\n lit. b DSGVO, sofern Ihre Anfrage mit der Erf\u00fcllung eines Vertrags \nzusammenh\u00e4ngt oder zur Durchf\u00fchrung vorvertraglicher Ma\u00dfnahmen \nerforderlich ist. In allen \u00fcbrigen F\u00e4llen beruht die Verarbeitung auf \nIhrer Einwilligung (Art. 6 Abs. 1 lit. aDSGVO) und \/ oder auf unseren \nberechtigten Interessen (Art. 6 Abs. 1 lit. f DSGVO), da wir ein \nberechtigtes&nbsp;Interesse an der effektiven Bearbeitung der an uns \ngerichteten Anfragen haben.<\/p>\n\n\n\n<p>Die von Ihnen an uns per Kontaktanfragen \u00fcbersandten Daten verbleiben\n bei uns, bis Sie uns zur L\u00f6schung auffordern, Ihre Einwilligung zur \nSpeicherung widerrufen oder der Zweck f\u00fcr die Datenspeicherung \nentf\u00e4llt&nbsp;(z. B. nach abgeschlossener Bearbeitung Ihres Anliegens). \nZwingende gesetzliche Bestimmungen \u2013&nbsp;insbesondere gesetzliche \nAufbewahrungsfristen \u2013 bleiben unber\u00fchrt.<\/p>\n\n\n\n<p>Quelle:<\/p>\n\n\n\n<p>e-recht24.de<\/p>\n\n\n\n<p><\/p>\n","protected":false},"excerpt":{"rendered":"<p>Wer wir sind Die Adresse unserer Website ist: https:\/\/www.dksb-wesel.de Datenschutzerkl\u00e4rung Datenschutzerkl\u00e4rung 1. Datenschutz auf einen Blick Allgemeine Hinweise Die folgenden Hinweise geben einen einfachen \u00dcberblick dar\u00fcber, was mit Ihren personenbezogenen Datenpassiert, wenn Sie unsere Website besuchen. Personenbezogene Daten sind alle Daten, mit denen Sie pers\u00f6nlich identifiziert werden k\u00f6nnen. Ausf\u00fchrliche Informationen zum Thema Datenschutz entnehmen Sie&hellip; <br \/> <a class=\"read-more\" href=\"https:\/\/www.dksb-wesel.de\/index.php\/datenschutzerklaerung\/\">Read more<\/a><\/p>\n","protected":false},"author":1,"featured_media":0,"parent":0,"menu_order":0,"comment_status":"closed","ping_status":"open","template":"","meta":{"footnotes":""},"class_list":["post-3","page","type-page","status-publish","hentry"],"_links":{"self":[{"href":"https:\/\/www.dksb-wesel.de\/index.php\/wp-json\/wp\/v2\/pages\/3","targetHints":{"allow":["GET"]}}],"collection":[{"href":"https:\/\/www.dksb-wesel.de\/index.php\/wp-json\/wp\/v2\/pages"}],"about":[{"href":"https:\/\/www.dksb-wesel.de\/index.php\/wp-json\/wp\/v2\/types\/page"}],"author":[{"embeddable":true,"href":"https:\/\/www.dksb-wesel.de\/index.php\/wp-json\/wp\/v2\/users\/1"}],"replies":[{"embeddable":true,"href":"https:\/\/www.dksb-wesel.de\/index.php\/wp-json\/wp\/v2\/comments?post=3"}],"version-history":[{"count":3,"href":"https:\/\/www.dksb-wesel.de\/index.php\/wp-json\/wp\/v2\/pages\/3\/revisions"}],"predecessor-version":[{"id":860,"href":"https:\/\/www.dksb-wesel.de\/index.php\/wp-json\/wp\/v2\/pages\/3\/revisions\/860"}],"wp:attachment":[{"href":"https:\/\/www.dksb-wesel.de\/index.php\/wp-json\/wp\/v2\/media?parent=3"}],"curies":[{"name":"wp","href":"https:\/\/api.w.org\/{rel}","templated":true}]}}